{"id":51,"date":"2020-09-04T08:53:33","date_gmt":"2020-09-04T06:53:33","guid":{"rendered":"http:\/\/spontane-photo.ovh\/?page_id=51"},"modified":"2023-01-05T12:42:47","modified_gmt":"2023-01-05T11:42:47","slug":"observatoires-photographiques","status":"publish","type":"page","link":"https:\/\/spontane-photo.ovh\/index.php\/observatoires-photographiques\/","title":{"rendered":"\u00c9tudes photographiques paysag\u00e8res"},"content":{"rendered":"\n<div class=\"wp-block-image\"><figure class=\"aligncenter\"><img loading=\"lazy\" decoding=\"async\" width=\"1024\" height=\"683\" src=\"http:\/\/spontane-photo.ovh\/wp-content\/uploads\/2023\/01\/Puy-du-Mas_2022_Antoine-Gatet_nb-7-1024x683.jpg\" alt=\"\" class=\"wp-image-2559\" srcset=\"https:\/\/spontane-photo.ovh\/wp-content\/uploads\/2023\/01\/Puy-du-Mas_2022_Antoine-Gatet_nb-7-1024x683.jpg 1024w, https:\/\/spontane-photo.ovh\/wp-content\/uploads\/2023\/01\/Puy-du-Mas_2022_Antoine-Gatet_nb-7-300x200.jpg 300w, https:\/\/spontane-photo.ovh\/wp-content\/uploads\/2023\/01\/Puy-du-Mas_2022_Antoine-Gatet_nb-7-768x512.jpg 768w, https:\/\/spontane-photo.ovh\/wp-content\/uploads\/2023\/01\/Puy-du-Mas_2022_Antoine-Gatet_nb-7.jpg 1800w\" sizes=\"auto, (max-width: 1024px) 100vw, 1024px\" \/><\/figure><\/div>\n\n\n\n<div class=\"wp-block-cover has-background-dim alignleft is-layout-flow wp-block-cover-is-layout-flow\" style=\"background-image:url(http:\/\/spontane-photo.ovh\/wp-content\/uploads\/2023\/01\/Spontane-Logo-Photo-n\u00e9ga.jpg)\"><\/div>\n\n\n\n<p>Exemples d&#8217;activit\u00e9s dans le cadre du bureau d&#8217;\u00e9tudes photographiques &#8220;S\u00e9quences&#8221;, puis &#8220;Spontane&#8221;.<\/p>\n\n\n\n<p>Suivis photographiques d&#8217;am\u00e9nagements urbains et paysagers :<\/p>\n\n\n\n<ul class=\"wp-block-list\"><li><a href=\"http:\/\/spontane-photo.ovh\/index.php\/sentier-du-puy-du-mas-2020-2022\/\">Am\u00e9nagement sentier du Puy du Mas (Corr\u00e8ze) \/ 2021-2022<\/a> <a href=\"http:\/\/spontane-photo.ovh\/index.php\/beynac-87\/\"><\/a><\/li><\/ul>\n\n\n\n<ul class=\"wp-block-list\"><li><a href=\"http:\/\/spontane-photo.ovh\/index.php\/beynac-87\/\">R\u00e9am\u00e9nagement de bourg de Beynac (Haute-Vienne) \/ 2020-2022<\/a><\/li><\/ul>\n\n\n\n<ul class=\"wp-block-list\"><li><a href=\"http:\/\/spontane-photo.ovh\/index.php\/linards\/\">R\u00e9am\u00e9nagement de bourg de Linards (Haute-Vienne) \/ 2005<\/a><\/li><\/ul>\n\n\n\n<p><\/p>\n","protected":false},"excerpt":{"rendered":"<p>Exemples d&#8217;activit\u00e9s dans le cadre du bureau d&#8217;\u00e9tudes photographiques &#8220;S\u00e9quences&#8221;, puis &#8220;Spontane&#8221;. Suivis photographiques d&#8217;am\u00e9nagements urbains et paysagers : Am\u00e9nagement sentier du Puy du Mas (Corr\u00e8ze) \/ 2021-2022 R\u00e9am\u00e9nagement de<\/p>\n<p class=\"more-link\"><a href=\"https:\/\/spontane-photo.ovh\/index.php\/observatoires-photographiques\/\" class=\"readmore\">Continue reading&#8230;<span class=\"screen-reader-text\">\u00c9tudes photographiques paysag\u00e8res<\/span><\/a><\/p>\n","protected":false},"author":1,"featured_media":0,"parent":0,"menu_order":0,"comment_status":"closed","ping_status":"closed","template":"","meta":{"ngg_post_thumbnail":0,"footnotes":""},"class_list":["post-51","page","type-page","status-publish","hentry"],"_links":{"self":[{"href":"https:\/\/spontane-photo.ovh\/index.php\/wp-json\/wp\/v2\/pages\/51","targetHints":{"allow":["GET"]}}],"collection":[{"href":"https:\/\/spontane-photo.ovh\/index.php\/wp-json\/wp\/v2\/pages"}],"about":[{"href":"https:\/\/spontane-photo.ovh\/index.php\/wp-json\/wp\/v2\/types\/page"}],"author":[{"embeddable":true,"href":"https:\/\/spontane-photo.ovh\/index.php\/wp-json\/wp\/v2\/users\/1"}],"replies":[{"embeddable":true,"href":"https:\/\/spontane-photo.ovh\/index.php\/wp-json\/wp\/v2\/comments?post=51"}],"version-history":[{"count":16,"href":"https:\/\/spontane-photo.ovh\/index.php\/wp-json\/wp\/v2\/pages\/51\/revisions"}],"predecessor-version":[{"id":2591,"href":"https:\/\/spontane-photo.ovh\/index.php\/wp-json\/wp\/v2\/pages\/51\/revisions\/2591"}],"wp:attachment":[{"href":"https:\/\/spontane-photo.ovh\/index.php\/wp-json\/wp\/v2\/media?parent=51"}],"curies":[{"name":"wp","href":"https:\/\/api.w.org\/{rel}","templated":true}]}}