{"id":458,"date":"2020-09-04T17:15:45","date_gmt":"2020-09-04T15:15:45","guid":{"rendered":"http:\/\/spontane-photo.ovh\/?page_id=458"},"modified":"2020-09-06T00:41:45","modified_gmt":"2020-09-05T22:41:45","slug":"sho-sho","status":"publish","type":"page","link":"https:\/\/spontane-photo.ovh\/index.php\/sho-sho\/","title":{"rendered":"Sh\u00f4-Sh\u00f4"},"content":{"rendered":"\n<p style=\"text-align:center\"><a href=\"http:\/\/sho-sho.fr\/\">Sh\u00f4-Sh\u00f4, clown-samura\u00ef &#8211; Noriac, Limoges, 2014<\/a><\/p>\n\n\n\n<div class=\"wp-block-image\"><figure class=\"aligncenter\"><img loading=\"lazy\" decoding=\"async\" width=\"1024\" height=\"683\" src=\"http:\/\/spontane-photo.ovh\/wp-content\/uploads\/2020\/09\/C_AntoineGatet-48-1024x683.jpg\" alt=\"\" class=\"wp-image-468\" srcset=\"https:\/\/spontane-photo.ovh\/wp-content\/uploads\/2020\/09\/C_AntoineGatet-48-1024x683.jpg 1024w, https:\/\/spontane-photo.ovh\/wp-content\/uploads\/2020\/09\/C_AntoineGatet-48-300x200.jpg 300w, https:\/\/spontane-photo.ovh\/wp-content\/uploads\/2020\/09\/C_AntoineGatet-48-768x512.jpg 768w, https:\/\/spontane-photo.ovh\/wp-content\/uploads\/2020\/09\/C_AntoineGatet-48.jpg 1575w\" sizes=\"auto, (max-width: 1024px) 100vw, 1024px\" \/><\/figure><\/div>\n\n\n\n<!-- default-view.php -->\n<div\n\tclass=\"ngg-galleryoverview default-view \"\n\tid=\"ngg-gallery-c1e8de5d98ac52a7c495f90d3c047c3d-1\">\n\n\t\t<!-- Thumbnails -->\n\t\t\t\t<div id=\"ngg-image-0\" class=\"ngg-gallery-thumbnail-box ngg-3-columns\" >\n\t\t\t\t        <div class=\"ngg-gallery-thumbnail\">\n            <a href=\"https:\/\/spontane-photo.ovh\/wp-content\/gallery\/sho\/NB_AntoineGatet-4.jpg\"\n               title=\"\"\n               data-src=\"https:\/\/spontane-photo.ovh\/wp-content\/gallery\/sho\/NB_AntoineGatet-4.jpg\"\n               data-thumbnail=\"https:\/\/spontane-photo.ovh\/wp-content\/gallery\/sho\/thumbs\/thumbs_NB_AntoineGatet-4.jpg\"\n               data-image-id=\"564\"\n               data-title=\"NB_AntoineGatet-4\"\n               data-description=\"\"\n               data-image-slug=\"nb_antoinegatet-4\"\n               class=\"ngg-simplelightbox\" rel=\"c1e8de5d98ac52a7c495f90d3c047c3d\">\n                <img\n                    title=\"NB_AntoineGatet-4\"\n                    alt=\"NB_AntoineGatet-4\"\n                    src=\"https:\/\/spontane-photo.ovh\/wp-content\/gallery\/sho\/thumbs\/thumbs_NB_AntoineGatet-4.jpg\"\n                    width=\"240\"\n                    height=\"160\"\n                    style=\"max-width:100%;\"\n                \/>\n            <\/a>\n        <\/div>\n\t\t\t\t\t\t\t<\/div> \n\t\t\t\n\t\t\t\t<div id=\"ngg-image-1\" class=\"ngg-gallery-thumbnail-box ngg-3-columns\" >\n\t\t\t\t        <div class=\"ngg-gallery-thumbnail\">\n            <a href=\"https:\/\/spontane-photo.ovh\/wp-content\/gallery\/sho\/NB_AntoineGatet-8.jpg\"\n               title=\"\"\n               data-src=\"https:\/\/spontane-photo.ovh\/wp-content\/gallery\/sho\/NB_AntoineGatet-8.jpg\"\n               data-thumbnail=\"https:\/\/spontane-photo.ovh\/wp-content\/gallery\/sho\/thumbs\/thumbs_NB_AntoineGatet-8.jpg\"\n               data-image-id=\"565\"\n               data-title=\"NB_AntoineGatet-8\"\n               data-description=\"\"\n               data-image-slug=\"nb_antoinegatet-8\"\n               class=\"ngg-simplelightbox\" rel=\"c1e8de5d98ac52a7c495f90d3c047c3d\">\n                <img\n                    title=\"NB_AntoineGatet-8\"\n                    alt=\"NB_AntoineGatet-8\"\n                    src=\"https:\/\/spontane-photo.ovh\/wp-content\/gallery\/sho\/thumbs\/thumbs_NB_AntoineGatet-8.jpg\"\n                    width=\"240\"\n                    height=\"160\"\n                    style=\"max-width:100%;\"\n                \/>\n            <\/a>\n        <\/div>\n\t\t\t\t\t\t\t<\/div> \n\t\t\t\n\t\t\t\t<div id=\"ngg-image-2\" class=\"ngg-gallery-thumbnail-box ngg-3-columns\" >\n\t\t\t\t        <div class=\"ngg-gallery-thumbnail\">\n            <a href=\"https:\/\/spontane-photo.ovh\/wp-content\/gallery\/sho\/NB_AntoineGatet-2.jpg\"\n               title=\"\"\n               data-src=\"https:\/\/spontane-photo.ovh\/wp-content\/gallery\/sho\/NB_AntoineGatet-2.jpg\"\n               data-thumbnail=\"https:\/\/spontane-photo.ovh\/wp-content\/gallery\/sho\/thumbs\/thumbs_NB_AntoineGatet-2.jpg\"\n               data-image-id=\"566\"\n               data-title=\"NB_AntoineGatet-2\"\n               data-description=\"\"\n               data-image-slug=\"nb_antoinegatet-2\"\n               class=\"ngg-simplelightbox\" rel=\"c1e8de5d98ac52a7c495f90d3c047c3d\">\n                <img\n                    title=\"NB_AntoineGatet-2\"\n                    alt=\"NB_AntoineGatet-2\"\n                    src=\"https:\/\/spontane-photo.ovh\/wp-content\/gallery\/sho\/thumbs\/thumbs_NB_AntoineGatet-2.jpg\"\n                    width=\"240\"\n                    height=\"160\"\n                    style=\"max-width:100%;\"\n                \/>\n            <\/a>\n        <\/div>\n\t\t\t\t\t\t\t<\/div> \n\t\t\t\n\t\t\t\t<div id=\"ngg-image-3\" class=\"ngg-gallery-thumbnail-box ngg-3-columns\" >\n\t\t\t\t        <div class=\"ngg-gallery-thumbnail\">\n            <a href=\"https:\/\/spontane-photo.ovh\/wp-content\/gallery\/sho\/C_AntoineGatet-48.jpg\"\n               title=\"\"\n               data-src=\"https:\/\/spontane-photo.ovh\/wp-content\/gallery\/sho\/C_AntoineGatet-48.jpg\"\n               data-thumbnail=\"https:\/\/spontane-photo.ovh\/wp-content\/gallery\/sho\/thumbs\/thumbs_C_AntoineGatet-48.jpg\"\n               data-image-id=\"567\"\n               data-title=\"C_AntoineGatet-48\"\n               data-description=\"\"\n               data-image-slug=\"c_antoinegatet-48\"\n               class=\"ngg-simplelightbox\" rel=\"c1e8de5d98ac52a7c495f90d3c047c3d\">\n                <img\n                    title=\"C_AntoineGatet-48\"\n                    alt=\"C_AntoineGatet-48\"\n                    src=\"https:\/\/spontane-photo.ovh\/wp-content\/gallery\/sho\/thumbs\/thumbs_C_AntoineGatet-48.jpg\"\n                    width=\"240\"\n                    height=\"160\"\n                    style=\"max-width:100%;\"\n                \/>\n            <\/a>\n        <\/div>\n\t\t\t\t\t\t\t<\/div> \n\t\t\t\n\t\t\t\t<div id=\"ngg-image-4\" class=\"ngg-gallery-thumbnail-box ngg-3-columns\" >\n\t\t\t\t        <div class=\"ngg-gallery-thumbnail\">\n            <a href=\"https:\/\/spontane-photo.ovh\/wp-content\/gallery\/sho\/C_AntoineGatet-28.jpg\"\n               title=\"\"\n               data-src=\"https:\/\/spontane-photo.ovh\/wp-content\/gallery\/sho\/C_AntoineGatet-28.jpg\"\n               data-thumbnail=\"https:\/\/spontane-photo.ovh\/wp-content\/gallery\/sho\/thumbs\/thumbs_C_AntoineGatet-28.jpg\"\n               data-image-id=\"568\"\n               data-title=\"C_AntoineGatet-28\"\n               data-description=\"\"\n               data-image-slug=\"c_antoinegatet-28\"\n               class=\"ngg-simplelightbox\" rel=\"c1e8de5d98ac52a7c495f90d3c047c3d\">\n                <img\n                    title=\"C_AntoineGatet-28\"\n                    alt=\"C_AntoineGatet-28\"\n                    src=\"https:\/\/spontane-photo.ovh\/wp-content\/gallery\/sho\/thumbs\/thumbs_C_AntoineGatet-28.jpg\"\n                    width=\"240\"\n                    height=\"160\"\n                    style=\"max-width:100%;\"\n                \/>\n            <\/a>\n        <\/div>\n\t\t\t\t\t\t\t<\/div> \n\t\t\t\n\t\t\t\t<div id=\"ngg-image-5\" class=\"ngg-gallery-thumbnail-box ngg-3-columns\" >\n\t\t\t\t        <div class=\"ngg-gallery-thumbnail\">\n            <a href=\"https:\/\/spontane-photo.ovh\/wp-content\/gallery\/sho\/C_AntoineGatet-25.jpg\"\n               title=\"\"\n               data-src=\"https:\/\/spontane-photo.ovh\/wp-content\/gallery\/sho\/C_AntoineGatet-25.jpg\"\n               data-thumbnail=\"https:\/\/spontane-photo.ovh\/wp-content\/gallery\/sho\/thumbs\/thumbs_C_AntoineGatet-25.jpg\"\n               data-image-id=\"569\"\n               data-title=\"C_AntoineGatet-25\"\n               data-description=\"\"\n               data-image-slug=\"c_antoinegatet-25\"\n               class=\"ngg-simplelightbox\" rel=\"c1e8de5d98ac52a7c495f90d3c047c3d\">\n                <img\n                    title=\"C_AntoineGatet-25\"\n                    alt=\"C_AntoineGatet-25\"\n                    src=\"https:\/\/spontane-photo.ovh\/wp-content\/gallery\/sho\/thumbs\/thumbs_C_AntoineGatet-25.jpg\"\n                    width=\"240\"\n                    height=\"160\"\n                    style=\"max-width:100%;\"\n                \/>\n            <\/a>\n        <\/div>\n\t\t\t\t\t\t\t<\/div> \n\t\t\t\n\t\t\t\t<div id=\"ngg-image-6\" class=\"ngg-gallery-thumbnail-box ngg-3-columns\" >\n\t\t\t\t        <div class=\"ngg-gallery-thumbnail\">\n            <a href=\"https:\/\/spontane-photo.ovh\/wp-content\/gallery\/sho\/C_AntoineGatet-6.jpg\"\n               title=\"\"\n               data-src=\"https:\/\/spontane-photo.ovh\/wp-content\/gallery\/sho\/C_AntoineGatet-6.jpg\"\n               data-thumbnail=\"https:\/\/spontane-photo.ovh\/wp-content\/gallery\/sho\/thumbs\/thumbs_C_AntoineGatet-6.jpg\"\n               data-image-id=\"570\"\n               data-title=\"C_AntoineGatet-6\"\n               data-description=\"\"\n               data-image-slug=\"c_antoinegatet-6\"\n               class=\"ngg-simplelightbox\" rel=\"c1e8de5d98ac52a7c495f90d3c047c3d\">\n                <img\n                    title=\"C_AntoineGatet-6\"\n                    alt=\"C_AntoineGatet-6\"\n                    src=\"https:\/\/spontane-photo.ovh\/wp-content\/gallery\/sho\/thumbs\/thumbs_C_AntoineGatet-6.jpg\"\n                    width=\"240\"\n                    height=\"160\"\n                    style=\"max-width:100%;\"\n                \/>\n            <\/a>\n        <\/div>\n\t\t\t\t\t\t\t<\/div> \n\t\t\t\n\t\t\t\t<div id=\"ngg-image-7\" class=\"ngg-gallery-thumbnail-box ngg-3-columns\" >\n\t\t\t\t        <div class=\"ngg-gallery-thumbnail\">\n            <a href=\"https:\/\/spontane-photo.ovh\/wp-content\/gallery\/sho\/C_AntoineGatet-4.jpg\"\n               title=\"\"\n               data-src=\"https:\/\/spontane-photo.ovh\/wp-content\/gallery\/sho\/C_AntoineGatet-4.jpg\"\n               data-thumbnail=\"https:\/\/spontane-photo.ovh\/wp-content\/gallery\/sho\/thumbs\/thumbs_C_AntoineGatet-4.jpg\"\n               data-image-id=\"571\"\n               data-title=\"C_AntoineGatet-4\"\n               data-description=\"\"\n               data-image-slug=\"c_antoinegatet-4\"\n               class=\"ngg-simplelightbox\" rel=\"c1e8de5d98ac52a7c495f90d3c047c3d\">\n                <img\n                    title=\"C_AntoineGatet-4\"\n                    alt=\"C_AntoineGatet-4\"\n                    src=\"https:\/\/spontane-photo.ovh\/wp-content\/gallery\/sho\/thumbs\/thumbs_C_AntoineGatet-4.jpg\"\n                    width=\"240\"\n                    height=\"160\"\n                    style=\"max-width:100%;\"\n                \/>\n            <\/a>\n        <\/div>\n\t\t\t\t\t\t\t<\/div> \n\t\t\t\n\t\t\t\t<div id=\"ngg-image-8\" class=\"ngg-gallery-thumbnail-box ngg-3-columns\" >\n\t\t\t\t        <div class=\"ngg-gallery-thumbnail\">\n            <a href=\"https:\/\/spontane-photo.ovh\/wp-content\/gallery\/sho\/C_AntoineGatet-1.jpg\"\n               title=\"\"\n               data-src=\"https:\/\/spontane-photo.ovh\/wp-content\/gallery\/sho\/C_AntoineGatet-1.jpg\"\n               data-thumbnail=\"https:\/\/spontane-photo.ovh\/wp-content\/gallery\/sho\/thumbs\/thumbs_C_AntoineGatet-1.jpg\"\n               data-image-id=\"572\"\n               data-title=\"C_AntoineGatet-1\"\n               data-description=\"\"\n               data-image-slug=\"c_antoinegatet-1\"\n               class=\"ngg-simplelightbox\" rel=\"c1e8de5d98ac52a7c495f90d3c047c3d\">\n                <img\n                    title=\"C_AntoineGatet-1\"\n                    alt=\"C_AntoineGatet-1\"\n                    src=\"https:\/\/spontane-photo.ovh\/wp-content\/gallery\/sho\/thumbs\/thumbs_C_AntoineGatet-1.jpg\"\n                    width=\"240\"\n                    height=\"160\"\n                    style=\"max-width:100%;\"\n                \/>\n            <\/a>\n        <\/div>\n\t\t\t\t\t\t\t<\/div> \n\t\t\t\n\t\t\t\t<div id=\"ngg-image-9\" class=\"ngg-gallery-thumbnail-box ngg-3-columns\" >\n\t\t\t\t        <div class=\"ngg-gallery-thumbnail\">\n            <a href=\"https:\/\/spontane-photo.ovh\/wp-content\/gallery\/sho\/Noriac14_AntoineGatet-2.jpg\"\n               title=\"\"\n               data-src=\"https:\/\/spontane-photo.ovh\/wp-content\/gallery\/sho\/Noriac14_AntoineGatet-2.jpg\"\n               data-thumbnail=\"https:\/\/spontane-photo.ovh\/wp-content\/gallery\/sho\/thumbs\/thumbs_Noriac14_AntoineGatet-2.jpg\"\n               data-image-id=\"573\"\n               data-title=\"Noriac14_AntoineGatet-2\"\n               data-description=\"\"\n               data-image-slug=\"noriac14_antoinegatet-2\"\n               class=\"ngg-simplelightbox\" rel=\"c1e8de5d98ac52a7c495f90d3c047c3d\">\n                <img\n                    title=\"Noriac14_AntoineGatet-2\"\n                    alt=\"Noriac14_AntoineGatet-2\"\n                    src=\"https:\/\/spontane-photo.ovh\/wp-content\/gallery\/sho\/thumbs\/thumbs_Noriac14_AntoineGatet-2.jpg\"\n                    width=\"240\"\n                    height=\"160\"\n                    style=\"max-width:100%;\"\n                \/>\n            <\/a>\n        <\/div>\n\t\t\t\t\t\t\t<\/div> \n\t\t\t\n\t\t\t\t<div id=\"ngg-image-10\" class=\"ngg-gallery-thumbnail-box ngg-3-columns\" >\n\t\t\t\t        <div class=\"ngg-gallery-thumbnail\">\n            <a href=\"https:\/\/spontane-photo.ovh\/wp-content\/gallery\/sho\/Noriac14_AntoineGatet-5.jpg\"\n               title=\"\"\n               data-src=\"https:\/\/spontane-photo.ovh\/wp-content\/gallery\/sho\/Noriac14_AntoineGatet-5.jpg\"\n               data-thumbnail=\"https:\/\/spontane-photo.ovh\/wp-content\/gallery\/sho\/thumbs\/thumbs_Noriac14_AntoineGatet-5.jpg\"\n               data-image-id=\"574\"\n               data-title=\"Noriac14_AntoineGatet-5\"\n               data-description=\"\"\n               data-image-slug=\"noriac14_antoinegatet-5\"\n               class=\"ngg-simplelightbox\" rel=\"c1e8de5d98ac52a7c495f90d3c047c3d\">\n                <img\n                    title=\"Noriac14_AntoineGatet-5\"\n                    alt=\"Noriac14_AntoineGatet-5\"\n                    src=\"https:\/\/spontane-photo.ovh\/wp-content\/gallery\/sho\/thumbs\/thumbs_Noriac14_AntoineGatet-5.jpg\"\n                    width=\"240\"\n                    height=\"160\"\n                    style=\"max-width:100%;\"\n                \/>\n            <\/a>\n        <\/div>\n\t\t\t\t\t\t\t<\/div> \n\t\t\t\n\t\t\t\t<div id=\"ngg-image-11\" class=\"ngg-gallery-thumbnail-box ngg-3-columns\" >\n\t\t\t\t        <div class=\"ngg-gallery-thumbnail\">\n            <a href=\"https:\/\/spontane-photo.ovh\/wp-content\/gallery\/sho\/Noriac14_AntoineGatet-6.jpg\"\n               title=\"\"\n               data-src=\"https:\/\/spontane-photo.ovh\/wp-content\/gallery\/sho\/Noriac14_AntoineGatet-6.jpg\"\n               data-thumbnail=\"https:\/\/spontane-photo.ovh\/wp-content\/gallery\/sho\/thumbs\/thumbs_Noriac14_AntoineGatet-6.jpg\"\n               data-image-id=\"575\"\n               data-title=\"Noriac14_AntoineGatet-6\"\n               data-description=\"\"\n               data-image-slug=\"noriac14_antoinegatet-6\"\n               class=\"ngg-simplelightbox\" rel=\"c1e8de5d98ac52a7c495f90d3c047c3d\">\n                <img\n                    title=\"Noriac14_AntoineGatet-6\"\n                    alt=\"Noriac14_AntoineGatet-6\"\n                    src=\"https:\/\/spontane-photo.ovh\/wp-content\/gallery\/sho\/thumbs\/thumbs_Noriac14_AntoineGatet-6.jpg\"\n                    width=\"240\"\n                    height=\"160\"\n                    style=\"max-width:100%;\"\n                \/>\n            <\/a>\n        <\/div>\n\t\t\t\t\t\t\t<\/div> \n\t\t\t\n\t\n\t<br style=\"clear: both\" \/>\n\n\t\n\t\t<!-- Pagination -->\n\t<div class='ngg-clear'><\/div>\t<\/div>\n\n","protected":false},"excerpt":{"rendered":"<p>Sh\u00f4-Sh\u00f4, clown-samura\u00ef &#8211; Noriac, Limoges, 2014<\/p>\n","protected":false},"author":1,"featured_media":470,"parent":0,"menu_order":0,"comment_status":"closed","ping_status":"closed","template":"","meta":{"ngg_post_thumbnail":0,"footnotes":""},"class_list":["post-458","page","type-page","status-publish","has-post-thumbnail","hentry"],"_links":{"self":[{"href":"https:\/\/spontane-photo.ovh\/index.php\/wp-json\/wp\/v2\/pages\/458","targetHints":{"allow":["GET"]}}],"collection":[{"href":"https:\/\/spontane-photo.ovh\/index.php\/wp-json\/wp\/v2\/pages"}],"about":[{"href":"https:\/\/spontane-photo.ovh\/index.php\/wp-json\/wp\/v2\/types\/page"}],"author":[{"embeddable":true,"href":"https:\/\/spontane-photo.ovh\/index.php\/wp-json\/wp\/v2\/users\/1"}],"replies":[{"embeddable":true,"href":"https:\/\/spontane-photo.ovh\/index.php\/wp-json\/wp\/v2\/comments?post=458"}],"version-history":[{"count":11,"href":"https:\/\/spontane-photo.ovh\/index.php\/wp-json\/wp\/v2\/pages\/458\/revisions"}],"predecessor-version":[{"id":1718,"href":"https:\/\/spontane-photo.ovh\/index.php\/wp-json\/wp\/v2\/pages\/458\/revisions\/1718"}],"wp:featuredmedia":[{"embeddable":true,"href":"https:\/\/spontane-photo.ovh\/index.php\/wp-json\/wp\/v2\/media\/470"}],"wp:attachment":[{"href":"https:\/\/spontane-photo.ovh\/index.php\/wp-json\/wp\/v2\/media?parent=458"}],"curies":[{"name":"wp","href":"https:\/\/api.w.org\/{rel}","templated":true}]}}