{"id":44,"date":"2020-09-04T08:50:21","date_gmt":"2020-09-04T06:50:21","guid":{"rendered":"http:\/\/spontane-photo.ovh\/?page_id=44"},"modified":"2023-01-05T12:41:41","modified_gmt":"2023-01-05T11:41:41","slug":"beynac-87","status":"publish","type":"page","link":"https:\/\/spontane-photo.ovh\/index.php\/beynac-87\/","title":{"rendered":"Beynac"},"content":{"rendered":"\n<p style=\"text-align:center\">R\u00e9am\u00e9nagement du bourg de Beynac &#8211; Observatoire 2019-2021<\/p>\n\n\n\n<p style=\"text-align:center\">Ma\u00eetrise d\u2019\u0153uvre : Christophe Lehuger, Paysagiste \/ Lieux-Dits, Paysagiste <\/p>\n\n\n\n<iframe loading=\"lazy\" class=\"juxtapose\" src=\"https:\/\/cdn.knightlab.com\/libs\/juxtapose\/latest\/embed\/index.html?uid=b090d1ac-8cc9-11ed-b5bd-6595d9b17862\" width=\"100%\" height=\"661\" frameborder=\"0\"><\/iframe>\n\n\n\n<iframe loading=\"lazy\" class=\"juxtapose\" src=\"https:\/\/cdn.knightlab.com\/libs\/juxtapose\/latest\/embed\/index.html?uid=e96a02ba-ee8c-11ea-bf88-a15b6c7adf9a\" width=\"100%\" height=\"661\" frameborder=\"0\"><\/iframe>\n\n\n\n<iframe loading=\"lazy\" class=\"juxtapose\" src=\"https:\/\/cdn.knightlab.com\/libs\/juxtapose\/latest\/embed\/index.html?uid=381db3fc-8cc9-11ed-b5bd-6595d9b17862\" width=\"100%\" height=\"850\" frameborder=\"0\"><\/iframe>\n\n\n\n<iframe loading=\"lazy\" class=\"juxtapose\" src=\"https:\/\/cdn.knightlab.com\/libs\/juxtapose\/latest\/embed\/index.html?uid=d77a9242-f9c0-11ea-bf88-a15b6c7adf9a\" width=\"100%\" height=\"682\" frameborder=\"0\"><\/iframe>\n\n\n\n<iframe loading=\"lazy\" class=\"juxtapose\" src=\"https:\/\/cdn.knightlab.com\/libs\/juxtapose\/latest\/embed\/index.html?uid=9081456c-8cca-11ed-b5bd-6595d9b17862\" width=\"100%\" height=\"850\" frameborder=\"0\"><\/iframe>\n\n\n\n<iframe loading=\"lazy\" class=\"juxtapose\" src=\"https:\/\/cdn.knightlab.com\/libs\/juxtapose\/latest\/embed\/index.html?uid=49152266-f9c4-11ea-bf88-a15b6c7adf9a\" width=\"100%\" height=\"682\" frameborder=\"0\"><\/iframe>\n\n\n\n<iframe loading=\"lazy\" class=\"juxtapose\" src=\"https:\/\/cdn.knightlab.com\/libs\/juxtapose\/latest\/embed\/index.html?uid=42d7f0c0-8ccc-11ed-b5bd-6595d9b17862\" width=\"100%\" height=\"661\" frameborder=\"0\"><\/iframe>\n\n\n\n<iframe loading=\"lazy\" class=\"juxtapose\" src=\"https:\/\/cdn.knightlab.com\/libs\/juxtapose\/latest\/embed\/index.html?uid=6cdbffea-ee8d-11ea-bf88-a15b6c7adf9a\" width=\"100%\" height=\"661\" frameborder=\"0\"><\/iframe>\n\n\n\n<iframe loading=\"lazy\" class=\"juxtapose\" src=\"https:\/\/cdn.knightlab.com\/libs\/juxtapose\/latest\/embed\/index.html?uid=39d21a68-8cc8-11ed-b5bd-6595d9b17862\" width=\"100%\" height=\"984\" frameborder=\"0\"><\/iframe>\n\n\n\n<iframe loading=\"lazy\" class=\"juxtapose\" src=\"https:\/\/cdn.knightlab.com\/libs\/juxtapose\/latest\/embed\/index.html?uid=18fd39a6-22be-11eb-83c8-ebb5d6f907df\" width=\"1024\" height=\"683\" frameborder=\"0\"><\/iframe>\n","protected":false},"excerpt":{"rendered":"<p>R\u00e9am\u00e9nagement du bourg de Beynac &#8211; Observatoire 2019-2021 Ma\u00eetrise d\u2019\u0153uvre : Christophe Lehuger, Paysagiste \/ Lieux-Dits, Paysagiste<\/p>\n","protected":false},"author":1,"featured_media":0,"parent":0,"menu_order":0,"comment_status":"closed","ping_status":"closed","template":"","meta":{"ngg_post_thumbnail":0,"footnotes":""},"class_list":["post-44","page","type-page","status-publish","hentry"],"_links":{"self":[{"href":"https:\/\/spontane-photo.ovh\/index.php\/wp-json\/wp\/v2\/pages\/44","targetHints":{"allow":["GET"]}}],"collection":[{"href":"https:\/\/spontane-photo.ovh\/index.php\/wp-json\/wp\/v2\/pages"}],"about":[{"href":"https:\/\/spontane-photo.ovh\/index.php\/wp-json\/wp\/v2\/types\/page"}],"author":[{"embeddable":true,"href":"https:\/\/spontane-photo.ovh\/index.php\/wp-json\/wp\/v2\/users\/1"}],"replies":[{"embeddable":true,"href":"https:\/\/spontane-photo.ovh\/index.php\/wp-json\/wp\/v2\/comments?post=44"}],"version-history":[{"count":38,"href":"https:\/\/spontane-photo.ovh\/index.php\/wp-json\/wp\/v2\/pages\/44\/revisions"}],"predecessor-version":[{"id":2584,"href":"https:\/\/spontane-photo.ovh\/index.php\/wp-json\/wp\/v2\/pages\/44\/revisions\/2584"}],"wp:attachment":[{"href":"https:\/\/spontane-photo.ovh\/index.php\/wp-json\/wp\/v2\/media?parent=44"}],"curies":[{"name":"wp","href":"https:\/\/api.w.org\/{rel}","templated":true}]}}