{"id":290,"date":"2020-09-04T13:35:55","date_gmt":"2020-09-04T11:35:55","guid":{"rendered":"http:\/\/spontane-photo.ovh\/?page_id=290"},"modified":"2023-01-05T10:16:38","modified_gmt":"2023-01-05T09:16:38","slug":"noirblanc","status":"publish","type":"page","link":"https:\/\/spontane-photo.ovh\/index.php\/noirblanc\/","title":{"rendered":"noir&#038;blanc"},"content":{"rendered":"\n<div class=\"wp-block-image\"><figure class=\"aligncenter\"><img loading=\"lazy\" decoding=\"async\" width=\"1024\" height=\"398\" src=\"http:\/\/spontane-photo.ovh\/wp-content\/uploads\/2020\/09\/Venise-Mozilla-Firefox-1024x398.jpg\" alt=\"\" class=\"wp-image-291\" srcset=\"https:\/\/spontane-photo.ovh\/wp-content\/uploads\/2020\/09\/Venise-Mozilla-Firefox-1024x398.jpg 1024w, https:\/\/spontane-photo.ovh\/wp-content\/uploads\/2020\/09\/Venise-Mozilla-Firefox-300x116.jpg 300w, https:\/\/spontane-photo.ovh\/wp-content\/uploads\/2020\/09\/Venise-Mozilla-Firefox-768x298.jpg 768w, https:\/\/spontane-photo.ovh\/wp-content\/uploads\/2020\/09\/Venise-Mozilla-Firefox.jpg 1731w\" sizes=\"auto, (max-width: 1024px) 100vw, 1024px\" \/><\/figure><\/div>\n\n\n\n<p style=\"text-align:center\">S\u00e9ries argentiques<\/p>\n\n\n\n<ul class=\"wp-block-list\"><li><a href=\"http:\/\/spontane-photo.ovh\/index.php\/tourbiere-de-la-mazure-creuse-2020\/\">Tourbi\u00e8re de la Mazure &#8211; Voigtlander Bessa-T<\/a><\/li><li><a href=\"http:\/\/spontane-photo.ovh\/index.php\/les-meteores-grece\/\">Gr\u00e8ce, les M\u00e9t\u00e9ores &#8211; Hexar RF<\/a><\/li><li><a href=\"http:\/\/spontane-photo.ovh\/index.php\/venise\/\">Venise &#8211; Hexar RF 15mm<\/a><\/li><li><a href=\"http:\/\/spontane-photo.ovh\/index.php\/moscou-2017\/\">Moscou &#8211; Rollei 35s<\/a><\/li><li><a href=\"http:\/\/spontane-photo.ovh\/index.php\/atelier-la-grange-du-theil\/\">Atelier la Grange du Theil &#8211; Rittreck IIa<\/a><\/li><li><a href=\"http:\/\/spontane-photo.ovh\/index.php\/la-souterraine\/\">La Souterraine &#8211; Hexar RF 15mm<\/a><\/li><li><a href=\"http:\/\/spontane-photo.ovh\/index.php\/divagations\/\">Divagations<\/a><\/li><\/ul>\n","protected":false},"excerpt":{"rendered":"<p>S\u00e9ries argentiques Tourbi\u00e8re de la Mazure &#8211; Voigtlander Bessa-T Gr\u00e8ce, les M\u00e9t\u00e9ores &#8211; Hexar RF Venise &#8211; Hexar RF 15mm Moscou &#8211; Rollei 35s Atelier la Grange du Theil &#8211;<\/p>\n<p class=\"more-link\"><a href=\"https:\/\/spontane-photo.ovh\/index.php\/noirblanc\/\" class=\"readmore\">Continue reading&#8230;<span class=\"screen-reader-text\">noir&#038;blanc<\/span><\/a><\/p>\n","protected":false},"author":1,"featured_media":0,"parent":0,"menu_order":0,"comment_status":"closed","ping_status":"closed","template":"","meta":{"ngg_post_thumbnail":0,"footnotes":""},"class_list":["post-290","page","type-page","status-publish","hentry"],"_links":{"self":[{"href":"https:\/\/spontane-photo.ovh\/index.php\/wp-json\/wp\/v2\/pages\/290","targetHints":{"allow":["GET"]}}],"collection":[{"href":"https:\/\/spontane-photo.ovh\/index.php\/wp-json\/wp\/v2\/pages"}],"about":[{"href":"https:\/\/spontane-photo.ovh\/index.php\/wp-json\/wp\/v2\/types\/page"}],"author":[{"embeddable":true,"href":"https:\/\/spontane-photo.ovh\/index.php\/wp-json\/wp\/v2\/users\/1"}],"replies":[{"embeddable":true,"href":"https:\/\/spontane-photo.ovh\/index.php\/wp-json\/wp\/v2\/comments?post=290"}],"version-history":[{"count":15,"href":"https:\/\/spontane-photo.ovh\/index.php\/wp-json\/wp\/v2\/pages\/290\/revisions"}],"predecessor-version":[{"id":2250,"href":"https:\/\/spontane-photo.ovh\/index.php\/wp-json\/wp\/v2\/pages\/290\/revisions\/2250"}],"wp:attachment":[{"href":"https:\/\/spontane-photo.ovh\/index.php\/wp-json\/wp\/v2\/media?parent=290"}],"curies":[{"name":"wp","href":"https:\/\/api.w.org\/{rel}","templated":true}]}}