{"id":245,"date":"2020-09-04T12:42:45","date_gmt":"2020-09-04T10:42:45","guid":{"rendered":"http:\/\/spontane-photo.ovh\/?page_id=245"},"modified":"2023-01-05T10:33:10","modified_gmt":"2023-01-05T09:33:10","slug":"spectacles","status":"publish","type":"page","link":"https:\/\/spontane-photo.ovh\/index.php\/spectacles\/","title":{"rendered":"Spectacles"},"content":{"rendered":"\n<div class=\"wp-block-image\"><figure class=\"aligncenter\"><img loading=\"lazy\" decoding=\"async\" width=\"1024\" height=\"683\" src=\"http:\/\/spontane-photo.ovh\/wp-content\/uploads\/2020\/09\/C_AntoineGatet-48-1024x683.jpg\" alt=\"\" class=\"wp-image-468\" srcset=\"https:\/\/spontane-photo.ovh\/wp-content\/uploads\/2020\/09\/C_AntoineGatet-48-1024x683.jpg 1024w, https:\/\/spontane-photo.ovh\/wp-content\/uploads\/2020\/09\/C_AntoineGatet-48-300x200.jpg 300w, https:\/\/spontane-photo.ovh\/wp-content\/uploads\/2020\/09\/C_AntoineGatet-48-768x512.jpg 768w, https:\/\/spontane-photo.ovh\/wp-content\/uploads\/2020\/09\/C_AntoineGatet-48.jpg 1575w\" sizes=\"auto, (max-width: 1024px) 100vw, 1024px\" \/><\/figure><\/div>\n\n\n\n<p>Photographies de spectacle vivant<\/p>\n\n\n\n<ul class=\"wp-block-list\"><li><a href=\"http:\/\/spontane-photo.ovh\/index.php\/le-drame-des-solitaires\/\"><strong>Th\u00e9\u00e2tre<\/strong> &#8220;Le drame des solitaires&#8221; &#8211; Cie Expression 7 \/ 2018 <\/a><\/li><li><strong><a href=\"http:\/\/spontane-photo.ovh\/index.php\/la-clique-des-sept-deniers\/\">Concert<\/a><\/strong><a href=\"http:\/\/spontane-photo.ovh\/index.php\/la-clique-des-sept-deniers\/\"> &#8220;La Clique des Sept Deniers&#8221; \/ 2018<\/a> <\/li><li><a href=\"http:\/\/spontane-photo.ovh\/index.php\/dessein-anime\/\"><strong>Th\u00e9\u00e2tre<\/strong> &#8220;dessein anim\u00e9&#8221; &#8211; cr\u00e9ation Nouvel Animal de Cie \/ 2015-2016<\/a><\/li><li><a href=\"http:\/\/spontane-photo.ovh\/index.php\/sho-sho\/\"><strong>Th\u00e9\u00e2tre<\/strong> &#8220;ShoSho&#8221; \/ 2014<\/a><\/li><li><a href=\"http:\/\/spontane-photo.ovh\/index.php\/julot-torride\/\"><strong>Concert<\/strong> &#8220;Les Julots Torrides&#8221; \/ 2006<\/a><\/li><\/ul>\n\n\n\n<p><\/p>\n","protected":false},"excerpt":{"rendered":"<p>Photographies de spectacle vivant Th\u00e9\u00e2tre &#8220;Le drame des solitaires&#8221; &#8211; Cie Expression 7 \/ 2018 Concert &#8220;La Clique des Sept Deniers&#8221; \/ 2018 Th\u00e9\u00e2tre &#8220;dessein anim\u00e9&#8221; &#8211; cr\u00e9ation Nouvel Animal<\/p>\n<p class=\"more-link\"><a href=\"https:\/\/spontane-photo.ovh\/index.php\/spectacles\/\" class=\"readmore\">Continue reading&#8230;<span class=\"screen-reader-text\">Spectacles<\/span><\/a><\/p>\n","protected":false},"author":1,"featured_media":0,"parent":0,"menu_order":0,"comment_status":"closed","ping_status":"closed","template":"","meta":{"ngg_post_thumbnail":0,"footnotes":""},"class_list":["post-245","page","type-page","status-publish","hentry"],"_links":{"self":[{"href":"https:\/\/spontane-photo.ovh\/index.php\/wp-json\/wp\/v2\/pages\/245","targetHints":{"allow":["GET"]}}],"collection":[{"href":"https:\/\/spontane-photo.ovh\/index.php\/wp-json\/wp\/v2\/pages"}],"about":[{"href":"https:\/\/spontane-photo.ovh\/index.php\/wp-json\/wp\/v2\/types\/page"}],"author":[{"embeddable":true,"href":"https:\/\/spontane-photo.ovh\/index.php\/wp-json\/wp\/v2\/users\/1"}],"replies":[{"embeddable":true,"href":"https:\/\/spontane-photo.ovh\/index.php\/wp-json\/wp\/v2\/comments?post=245"}],"version-history":[{"count":18,"href":"https:\/\/spontane-photo.ovh\/index.php\/wp-json\/wp\/v2\/pages\/245\/revisions"}],"predecessor-version":[{"id":2277,"href":"https:\/\/spontane-photo.ovh\/index.php\/wp-json\/wp\/v2\/pages\/245\/revisions\/2277"}],"wp:attachment":[{"href":"https:\/\/spontane-photo.ovh\/index.php\/wp-json\/wp\/v2\/media?parent=245"}],"curies":[{"name":"wp","href":"https:\/\/api.w.org\/{rel}","templated":true}]}}